{"id":1500,"date":"2017-12-05T21:27:43","date_gmt":"2017-12-05T18:27:43","guid":{"rendered":"https:\/\/www.memethol.com\/?page_id=1500"},"modified":"2023-09-10T19:19:04","modified_gmt":"2023-09-10T16:19:04","slug":"hemoroid-testi","status":"publish","type":"page","link":"https:\/\/www.memethol.com\/index.php\/hemoroid-testi\/","title":{"rendered":"Hemoroid misiniz?"},"content":{"rendered":"\n<style type=\"text\/css\" data-created_by=\"avia_inline_auto\" id=\"style-css-av-92oksc-7f1608e79dcc0546fd1fa7e558532269\">\n.avia-section.av-92oksc-7f1608e79dcc0546fd1fa7e558532269{\nbackground-repeat:no-repeat;\nbackground-image:url(https:\/\/www.memethol.com\/wp-content\/uploads\/2016\/02\/doc-1-1500x630.jpg);\nbackground-position:0% 0%;\nbackground-attachment:fixed;\n}\n.avia-section.av-92oksc-7f1608e79dcc0546fd1fa7e558532269 .av-section-color-overlay{\nopacity:0.7;\nbackground-color:#ffffff;\n}\n<\/style>\n<div id='av_section_1'  class='avia-section av-92oksc-7f1608e79dcc0546fd1fa7e558532269 main_color avia-section-default avia-no-shadow  avia-builder-el-0  avia-builder-el-no-sibling  avia-full-stretch avia-bg-style-fixed av-section-color-overlay-active container_wrap sidebar_right'  data-section-bg-repeat='stretch'><div class=\"av-section-color-overlay-wrap\"><div class=\"av-section-color-overlay\"><\/div><div class='container av-section-cont-open' ><main  role=\"main\" itemprop=\"mainContentOfPage\"  class='template-page content  av-content-small alpha units'><div class='post-entry post-entry-type-page post-entry-1500'><div class='entry-content-wrapper clearfix'>\n\n<style type=\"text\/css\" data-created_by=\"avia_inline_auto\" id=\"style-css-av-kmry9uij-193326f0c63767d9a6e0026cf2b3b244\">\n#top .av-special-heading.av-kmry9uij-193326f0c63767d9a6e0026cf2b3b244{\npadding-bottom:10px;\n}\nbody .av-special-heading.av-kmry9uij-193326f0c63767d9a6e0026cf2b3b244 .av-special-heading-tag .heading-char{\nfont-size:25px;\n}\n.av-special-heading.av-kmry9uij-193326f0c63767d9a6e0026cf2b3b244 .av-subheading{\nfont-size:15px;\n}\n<\/style>\n<div  class='av-special-heading av-kmry9uij-193326f0c63767d9a6e0026cf2b3b244 av-special-heading-h2 blockquote modern-quote modern-centered  avia-builder-el-1  el_before_av_textblock  avia-builder-el-first '><h2 class='av-special-heading-tag'  itemprop=\"headline\"  >Online Hemoroid Testi<\/h2><div class=\"special-heading-border\"><div class=\"special-heading-inner-border\"><\/div><\/div><\/div>\n<section  class='av_textblock_section av-2ypzcc-c898ff3d32051857c809e013e5ded959'  itemscope=\"itemscope\" itemtype=\"https:\/\/schema.org\/CreativeWork\" ><div class='avia_textblock'  itemprop=\"text\" ><script>\n                            if (window.qmn_quiz_data === undefined) {\n                                    window.qmn_quiz_data = new Object();\n                            }\n                    <\/script><script>window.qmn_quiz_data[\"8\"] = {\"quiz_id\":\"8\",\"quiz_name\":\"Hemoroid Testi\",\"disable_answer\":\"0\",\"ajax_show_correct\":\"0\",\"progress_bar\":0,\"contact_info_location\":\"0\",\"qpages\":{\"1\":{\"id\":\"1\",\"quizID\":\"8\",\"pagekey\":\"BfwFakcd\",\"hide_prevbtn\":\"0\"}},\"skip_validation_time_expire\":1,\"timer_limit_val\":0,\"disable_scroll_next_previous_click\":0,\"disable_first_page\":\"0\",\"enable_result_after_timer_end\":0,\"enable_quick_result_mc\":0,\"end_quiz_if_wrong\":0,\"form_disable_autofill\":0,\"disable_mathjax\":0,\"enable_quick_correct_answer_info\":0,\"quick_result_correct_answer_text\":\"Correct! You have selected correct answer.\",\"quick_result_wrong_answer_text\":\"Wrong! You have selected wrong answer.\",\"quiz_processing_message\":\"\",\"not_allow_after_expired_time\":0,\"scheduled_time_end\":false,\"error_messages\":{\"email_error_text\":\"ge\\u00e7erli email adresi giriniz\",\"number_error_text\":\"Bu alan yaln\\u0131zca say\\u0131 olmal\\u0131d\\u0131r\",\"incorrect_error_text\":\"Bu alan yaln\\u0131zca yaz\\u0131 olmal\\u0131d\\u0131r\",\"empty_error_text\":\"L\\u00fctfen gerekli alanlar\\u0131 doldurunuz\",\"url_error_text\":\"The entered URL is not valid!\",\"minlength_error_text\":\"Required atleast %minlength% characters.\",\"maxlength_error_text\":\"Maximum %maxlength% characters allowed.\"},\"first_page\":false}\n                    <\/script><div class='qsm-quiz-container qsm-quiz-container-8 qmn_quiz_container mlw_qmn_quiz  quiz_theme_default  '>\n\t\t\t\t\t<form name=\"quizForm8\" id=\"quizForm8\" action=\"\/index.php\/wp-json\/wp\/v2\/pages\/1500\" method=\"POST\" class=\"qsm-quiz-form qmn_quiz_form mlw_quiz_form\" novalidate enctype=\"multipart\/form-data\">\n\t\t\t\t<input type=\"hidden\" name=\"qsm_hidden_questions\" id=\"qsm_hidden_questions\" value=\"\">\n\t\t\t\t<div id=\"mlw_error_message\" class=\"qsm-error-message qmn_error_message_section\"><\/div>\n\t\t\t\t<span id=\"mlw_top_of_quiz\"><\/span>\n\t\t\t\t\t\t\t<section class=\"qsm-page \">\n\t\t\t\t\t\t\t\t<div class=\"quiz_section quiz_begin\">\n\t\t\t\t\t\t<div class='qsm-before-message mlw_qmn_message_before'>\n\t\t\t\t<p>Hemoroid Testimize ho\u015fgeldiniz.<\/p>\n<p>Testimiz tamamen bilgi ama\u00e7l\u0131 olup, kesin ve do\u011fru sonu\u00e7lar i\u00e7in l\u00fctfen doktorunuza dan\u0131\u015f\u0131n\u0131z.<\/p>\n\t\t\t\t\t\t<\/div>\n\t\t\t\t\t\t\t\t\t<div class=\"qsm_contact_div qsm-contact-type-text\">\n\t\t\t\t\t\t\t\t\t\t<span class='mlw_qmn_question qsm_question'>\u0130sim<\/span>\n\t\t\t\t<input type='text' class='mlwRequiredText qsm_required_text'  name='contact_field_0' id='contact_field_0'  value=''  placeholder='\u0130sim'  \/>\n\t\t\t\t\t\t\t\t\t<\/div>\n\t\t\t\t\t\t\t\t\t\t<div class=\"qsm_contact_div qsm-contact-type-email\">\n\t\t\t\t\t\t\t\t\t\t<span class='mlw_qmn_question qsm_question'>Email<\/span>\n\t\t\t\t<input type='email' class='mlwEmail mlwRequiredText qsm_required_text'  name='contact_field_1' id='contact_field_1'  value=''  placeholder='Email'  \/>\n\t\t\t\t\t\t\t\t\t<\/div>\n\t\t\t\t\t\t\t\t\t\t<div class=\"qsm_contact_div qsm-contact-type-text\">\n\t\t\t\t\t\t\t\t\t\t<span class='mlw_qmn_question qsm_question'>Telefon<\/span>\n\t\t\t\t<input type='text' class='mlwRequiredText qsm_required_textmlwPhoneNumber mlwMinLength  mlwMaxLength '  name='contact_field_2' id='contact_field_2'  value=''  onkeydown='return event.keyCode !== 69'  minlength='11'  maxlength='11'  placeholder='Telefon'  \/>\n\t\t\t\t\t\t\t\t\t<\/div>\n\t\t\t\t\t\t\t\t\t\t<div class=\"qsm_contact_div qsm-contact-type-text\">\n\t\t\t\t\t\t\t\t\t\t<span class='mlw_qmn_question qsm_question'>\u015eehir<\/span>\n\t\t\t\t<input type='text' class=''  name='contact_field_3' id='contact_field_3'  value=''  placeholder='\u015eehir'  \/>\n\t\t\t\t\t\t\t\t\t<\/div>\n\t\t\t\t\t\t\t\t\t\t<div class=\"qsm_contact_div qsm-contact-type-checkbox\">\n\t\t\t\t\t\t\t\t\t\t<input type='checkbox' class='mlwRequiredText qsm_required_text mlwRequiredAccept'  name='contact_field_4' id='contact_field_4'  value='checked' \/>\n\t\t\t\t<label class='mlw_qmn_question qsm_question' for='contact_field_4'>*Gizlilik \u015fartlar\u0131n\u0131 kabul ediyorum.<\/label>\n\t\t\t\t\t\t\t\t\t<\/div>\n\t\t\t\t\t\t\t\t\t\t<\/div>\n\t\t\t\t\t\t\t\t\t<div class=\"quiz_section qsm-question-wrapper question-type-0 question-section-id-39 \" data-qid=\"39\">\n\t\t\t\t\t\t<div class='mlw_qmn_new_question'>Ka\u015f\u0131nt\u0131 var m\u0131? <\/div>\n\t\t\t<div class='mlw_qmn_question  qsm_remove_bold' >\n\t\t\n\t<\/div>\n\t\t<div class='qmn_radio_answers '>\n\t\t\t\t\t\t\t\t<div class=\"qmn_mc_answer_wrap  mrq_checkbox_class\" id=\"question39-1 \">\n\t\t\t\t\t\t\t\t\t\t\t<input type='radio' class='qmn_quiz_radio qmn-multiple-choice-input' name=\"question39\" id=\"question39_1\" value=\"0\" \/>\n\t\t\t\t\t<label class=\"qsm-input-label\" for=\"question39_1\">\n\t\t\t\t\tEvet\t\t\t\t\t<\/label>\n\t\t\t\t\t \t\t\t\t<\/div>\n\t\t\t\t\t\t\t\t\t\t\t<div class=\"qmn_mc_answer_wrap  mrq_checkbox_class\" id=\"question39-2 \">\n\t\t\t\t\t\t\t\t\t\t\t<input type='radio' class='qmn_quiz_radio qmn-multiple-choice-input' name=\"question39\" id=\"question39_2\" value=\"1\" \/>\n\t\t\t\t\t<label class=\"qsm-input-label\" for=\"question39_2\">\n\t\t\t\t\tHay\u0131r\t\t\t\t\t<\/label>\n\t\t\t\t\t \t\t\t\t<\/div>\n\t\t\t\t\t\t\t\t<input type=\"radio\" style=\"display: none;\" name=\"question39\" id=\"question39_none\" checked=\"checked\" value=\"\" \/>\n\t\t\t\t<\/div>\n\t\t\t\t\t\t<\/div>\n\t\t\t\t\t\t\t\t\t<div class=\"quiz_section qsm-question-wrapper question-type-0 question-section-id-40 \" data-qid=\"40\">\n\t\t\t\t\t\t<div class='mlw_qmn_new_question'>Kanama ne s\u0131kl\u0131kla g\u00f6r\u00fcl\u00fcyor? <\/div>\n\t\t\t<div class='mlw_qmn_question  qsm_remove_bold' >\n\t\t\n\t<\/div>\n\t\t<div class='qmn_radio_answers mlwRequiredRadio'>\n\t\t\t\t\t\t\t\t<div class=\"qmn_mc_answer_wrap  mrq_checkbox_class\" id=\"question40-1 \">\n\t\t\t\t\t\t\t\t\t\t\t<input type='radio' class='qmn_quiz_radio qmn-multiple-choice-input' name=\"question40\" id=\"question40_1\" value=\"0\" \/>\n\t\t\t\t\t<label class=\"qsm-input-label\" for=\"question40_1\">\n\t\t\t\t\tKanama yok\t\t\t\t\t<\/label>\n\t\t\t\t\t \t\t\t\t<\/div>\n\t\t\t\t\t\t\t\t\t\t\t<div class=\"qmn_mc_answer_wrap  mrq_checkbox_class\" id=\"question40-2 \">\n\t\t\t\t\t\t\t\t\t\t\t<input type='radio' class='qmn_quiz_radio qmn-multiple-choice-input' name=\"question40\" id=\"question40_2\" value=\"1\" \/>\n\t\t\t\t\t<label class=\"qsm-input-label\" for=\"question40_2\">\n\t\t\t\t\tNadirde olsa kanama var\t\t\t\t\t<\/label>\n\t\t\t\t\t \t\t\t\t<\/div>\n\t\t\t\t\t\t\t\t\t\t\t<div class=\"qmn_mc_answer_wrap  mrq_checkbox_class\" id=\"question40-3 \">\n\t\t\t\t\t\t\t\t\t\t\t<input type='radio' class='qmn_quiz_radio qmn-multiple-choice-input' name=\"question40\" id=\"question40_3\" value=\"2\" \/>\n\t\t\t\t\t<label class=\"qsm-input-label\" for=\"question40_3\">\n\t\t\t\t\tTuvalet ihtiyac\u0131 s\u0131ras\u0131nda f\u0131\u015fk\u0131r\u0131rcas\u0131na kanama olabiliyor\t\t\t\t\t<\/label>\n\t\t\t\t\t \t\t\t\t<\/div>\n\t\t\t\t\t\t\t\t\t\t\t<div class=\"qmn_mc_answer_wrap  mrq_checkbox_class\" id=\"question40-4 \">\n\t\t\t\t\t\t\t\t\t\t\t<input type='radio' class='qmn_quiz_radio qmn-multiple-choice-input' name=\"question40\" id=\"question40_4\" value=\"3\" \/>\n\t\t\t\t\t<label class=\"qsm-input-label\" for=\"question40_4\">\n\t\t\t\t\tHer tuvalete gitti\u011fimde kanama oluyor ve durdurmas\u0131 zaman al\u0131yor\t\t\t\t\t<\/label>\n\t\t\t\t\t \t\t\t\t<\/div>\n\t\t\t\t\t\t\t\t<input type=\"radio\" style=\"display: none;\" name=\"question40\" id=\"question40_none\" checked=\"checked\" value=\"\" \/>\n\t\t\t\t<\/div>\n\t\t\t\t\t\t<\/div>\n\t\t\t\t\t\t\t\t\t<div class=\"quiz_section qsm-question-wrapper question-type-0 question-section-id-41 \" data-qid=\"41\">\n\t\t\t\t\t\t<div class='mlw_qmn_new_question'>A\u011fr\u0131lar\u0131n\u0131z ne durumda? <\/div>\n\t\t\t<div class='mlw_qmn_question  qsm_remove_bold' >\n\t\t\n\t<\/div>\n\t\t<div class='qmn_radio_answers '>\n\t\t\t\t\t\t\t\t<div class=\"qmn_mc_answer_wrap  mrq_checkbox_class\" id=\"question41-1 \">\n\t\t\t\t\t\t\t\t\t\t\t<input type='radio' class='qmn_quiz_radio qmn-multiple-choice-input' name=\"question41\" id=\"question41_1\" value=\"0\" \/>\n\t\t\t\t\t<label class=\"qsm-input-label\" for=\"question41_1\">\n\t\t\t\t\tSadece kab\u0131zl\u0131k s\u00fcrecinde d\u0131\u015fk\u0131lama yaparken sanc\u0131 \u00e7ekiyorum\t\t\t\t\t<\/label>\n\t\t\t\t\t \t\t\t\t<\/div>\n\t\t\t\t\t\t\t\t\t\t\t<div class=\"qmn_mc_answer_wrap  mrq_checkbox_class\" id=\"question41-2 \">\n\t\t\t\t\t\t\t\t\t\t\t<input type='radio' class='qmn_quiz_radio qmn-multiple-choice-input' name=\"question41\" id=\"question41_2\" value=\"1\" \/>\n\t\t\t\t\t<label class=\"qsm-input-label\" for=\"question41_2\">\n\t\t\t\t\tD\u0131\u015fk\u0131lama sonras\u0131 bir s\u00fcre yanma ve ac\u0131 hissediyorum\t\t\t\t\t<\/label>\n\t\t\t\t\t \t\t\t\t<\/div>\n\t\t\t\t\t\t\t\t\t\t\t<div class=\"qmn_mc_answer_wrap  mrq_checkbox_class\" id=\"question41-3 \">\n\t\t\t\t\t\t\t\t\t\t\t<input type='radio' class='qmn_quiz_radio qmn-multiple-choice-input' name=\"question41\" id=\"question41_3\" value=\"2\" \/>\n\t\t\t\t\t<label class=\"qsm-input-label\" for=\"question41_3\">\n\t\t\t\t\tY\u00fcksek a\u011fr\u0131 ve sanc\u0131, doygunluk hissi var\t\t\t\t\t<\/label>\n\t\t\t\t\t \t\t\t\t<\/div>\n\t\t\t\t\t\t\t\t\t\t\t<div class=\"qmn_mc_answer_wrap  mrq_checkbox_class\" id=\"question41-4 \">\n\t\t\t\t\t\t\t\t\t\t\t<input type='radio' class='qmn_quiz_radio qmn-multiple-choice-input' name=\"question41\" id=\"question41_4\" value=\"3\" \/>\n\t\t\t\t\t<label class=\"qsm-input-label\" for=\"question41_4\">\n\t\t\t\t\tOturamayacak \u015fekilde sanc\u0131 var, y\u00fcr\u00fcmek bile ac\u0131 veriyor\t\t\t\t\t<\/label>\n\t\t\t\t\t \t\t\t\t<\/div>\n\t\t\t\t\t\t\t\t<input type=\"radio\" style=\"display: none;\" name=\"question41\" id=\"question41_none\" checked=\"checked\" value=\"\" \/>\n\t\t\t\t<\/div>\n\t\t\t\t\t\t<\/div>\n\t\t\t\t\t\t\t\t\t<div class=\"quiz_section qsm-question-wrapper question-type-0 question-section-id-42 \" data-qid=\"42\">\n\t\t\t\t\t\t<div class='mlw_qmn_new_question'>Meme olu\u015fumu ne durumda? <\/div>\n\t\t\t<div class='mlw_qmn_question  qsm_remove_bold' >\n\t\t\n\t<\/div>\n\t\t<div class='qmn_radio_answers '>\n\t\t\t\t\t\t\t\t<div class=\"qmn_mc_answer_wrap  mrq_checkbox_class\" id=\"question42-1 \">\n\t\t\t\t\t\t\t\t\t\t\t<input type='radio' class='qmn_quiz_radio qmn-multiple-choice-input' name=\"question42\" id=\"question42_1\" value=\"0\" \/>\n\t\t\t\t\t<label class=\"qsm-input-label\" for=\"question42_1\">\n\t\t\t\t\tMeme olu\u015fumu yok\t\t\t\t\t<\/label>\n\t\t\t\t\t \t\t\t\t<\/div>\n\t\t\t\t\t\t\t\t\t\t\t<div class=\"qmn_mc_answer_wrap  mrq_checkbox_class\" id=\"question42-2 \">\n\t\t\t\t\t\t\t\t\t\t\t<input type='radio' class='qmn_quiz_radio qmn-multiple-choice-input' name=\"question42\" id=\"question42_2\" value=\"1\" \/>\n\t\t\t\t\t<label class=\"qsm-input-label\" for=\"question42_2\">\n\t\t\t\t\tMeme d\u0131\u015fk\u0131lama s\u0131ras\u0131nda d\u0131\u015far\u0131 \u00e7\u0131k\u0131yor fakat aya\u011fa kalk\u0131nca geri giriyor\t\t\t\t\t<\/label>\n\t\t\t\t\t \t\t\t\t<\/div>\n\t\t\t\t\t\t\t\t\t\t\t<div class=\"qmn_mc_answer_wrap  mrq_checkbox_class\" id=\"question42-3 \">\n\t\t\t\t\t\t\t\t\t\t\t<input type='radio' class='qmn_quiz_radio qmn-multiple-choice-input' name=\"question42\" id=\"question42_3\" value=\"2\" \/>\n\t\t\t\t\t<label class=\"qsm-input-label\" for=\"question42_3\">\n\t\t\t\t\tMeme d\u0131\u015fk\u0131lama sonras\u0131 geri gitmiyor parmak yard\u0131m\u0131yla itmem gerekiyor\t\t\t\t\t<\/label>\n\t\t\t\t\t \t\t\t\t<\/div>\n\t\t\t\t\t\t\t\t\t\t\t<div class=\"qmn_mc_answer_wrap  mrq_checkbox_class\" id=\"question42-4 \">\n\t\t\t\t\t\t\t\t\t\t\t<input type='radio' class='qmn_quiz_radio qmn-multiple-choice-input' name=\"question42\" id=\"question42_4\" value=\"3\" \/>\n\t\t\t\t\t<label class=\"qsm-input-label\" for=\"question42_4\">\n\t\t\t\t\tMeme i\u00e7eri sokulsa dahi hemen geri \u00e7\u0131k\u0131yor\t\t\t\t\t<\/label>\n\t\t\t\t\t \t\t\t\t<\/div>\n\t\t\t\t\t\t\t\t<input type=\"radio\" style=\"display: none;\" name=\"question42\" id=\"question42_none\" checked=\"checked\" value=\"\" \/>\n\t\t\t\t<\/div>\n\t\t\t\t\t\t<\/div>\n\t\t\t\t\t\t\t<\/section>\n\t\t\t\t\t<input type=\"hidden\" name=\"qmn_question_list\" value=\"39Q40Q41Q42Q\" \/>\n\t\t\t\t\t\t<div id=\"mlw_error_message_bottom\" class=\"qsm-error-message qmn_error_message_section\"><\/div>\n\t\t\t\t\t<input type=\"hidden\" name=\"qmn_all_questions_count\" id=\"qmn_all_questions_count\" value=\"4\" \/>\n\t\t\t\t\t<input type=\"hidden\" name=\"total_questions\" id=\"total_questions\" value=\"4\" \/>\n\t\t\t\t\t<input type=\"hidden\" name=\"timer\" id=\"timer\" value=\"0\" \/>\n\t\t\t\t\t<input type=\"hidden\" name=\"timer_ms\" id=\"timer_ms\" value=\"0\"\/>\n\t\t\t\t\t<input type=\"hidden\" class=\"qmn_quiz_id\" name=\"qmn_quiz_id\" id=\"qmn_quiz_id\" value=\"8\" \/>\n\t\t\t\t\t<input type='hidden' name='complete_quiz' value='confirmation' \/>\n\t\t\t\t\t\t\t\t\t<\/form>\n\t\t<\/div>\n\t\t<div style=\"display: none;\" class=\"qsm-popup qsm-popup-slide\" id=\"modal-4\" aria-hidden=\"false\"><div class=\"qsm-popup__overlay\" tabindex=\"-1\" data-micromodal-close=\"\"><div class=\"qsm-popup__container qmn_quiz_container\" role=\"dialog\" aria-modal=\"true\"><div class=\"qsm-popup__content\"><img decoding=\"async\" src=\"https:\/\/www.memethol.com\/wp-content\/plugins\/quiz-master-next\/assets\/clock.png\" alt=\"clock.png\"\/><p class=\"qsm-time-up-text\"> Time's up<\/p><\/div><footer class=\"qsm-popup__footer\"><button class=\"qsm-popup-secondary-button qmn_btn\" data-micromodal-close=\"\" aria-label=\"Close this dialog window\" onclick=\"location.reload();\">Cancel<\/button><\/footer><\/div><\/div><\/div>\n<p style=\"text-align: center;\">\n<\/div><\/section>\n<section  class='av_textblock_section av-l4czaxkw-286d9cf6b22799b6f7e1b7f0946e56f7'  itemscope=\"itemscope\" itemtype=\"https:\/\/schema.org\/CreativeWork\" ><div class='avia_textblock'  itemprop=\"text\" ><p>*Gizlilik \u015fartlar\u0131 metnini okumak i\u00e7in <a href=\"https:\/\/www.memethol.com\/index.php\/gizlilik-bildirimi\/\">t\u0131klay\u0131n.<\/a><\/p>\n<\/div><\/section>\n<\/div><\/div><\/main><!-- close content main element --><\/div><\/div><\/div><div id='after_section_1'  class='main_color av_default_container_wrap container_wrap sidebar_right'  ><div class='container av-section-cont-open' ><div class='template-page content  av-content-small alpha units'><div class='post-entry post-entry-type-page post-entry-1500'><div class='entry-content-wrapper clearfix'>\n","protected":false},"excerpt":{"rendered":"<p>[av_section min_height=&#8221; min_height_px=&#8217;500px&#8217; padding=&#8217;default&#8217; shadow=&#8217;no-shadow&#8217; bottom_border=&#8217;no-border-styling&#8217; bottom_border_diagonal_color=&#8217;#333333&#8242; bottom_border_diagonal_direction=&#8221; bottom_border_style=&#8221; custom_arrow_bg=&#8221; id=&#8221; color=&#8217;m&#8230;<\/p>\n","protected":false},"author":2,"featured_media":0,"parent":0,"menu_order":0,"comment_status":"closed","ping_status":"closed","template":"","meta":{"footnotes":""},"yst_prominent_words":[],"_links":{"self":[{"href":"https:\/\/www.memethol.com\/index.php\/wp-json\/wp\/v2\/pages\/1500"}],"collection":[{"href":"https:\/\/www.memethol.com\/index.php\/wp-json\/wp\/v2\/pages"}],"about":[{"href":"https:\/\/www.memethol.com\/index.php\/wp-json\/wp\/v2\/types\/page"}],"author":[{"embeddable":true,"href":"https:\/\/www.memethol.com\/index.php\/wp-json\/wp\/v2\/users\/2"}],"replies":[{"embeddable":true,"href":"https:\/\/www.memethol.com\/index.php\/wp-json\/wp\/v2\/comments?post=1500"}],"version-history":[{"count":34,"href":"https:\/\/www.memethol.com\/index.php\/wp-json\/wp\/v2\/pages\/1500\/revisions"}],"predecessor-version":[{"id":4077,"href":"https:\/\/www.memethol.com\/index.php\/wp-json\/wp\/v2\/pages\/1500\/revisions\/4077"}],"wp:attachment":[{"href":"https:\/\/www.memethol.com\/index.php\/wp-json\/wp\/v2\/media?parent=1500"}],"wp:term":[{"taxonomy":"yst_prominent_words","embeddable":true,"href":"https:\/\/www.memethol.com\/index.php\/wp-json\/wp\/v2\/yst_prominent_words?post=1500"}],"curies":[{"name":"wp","href":"https:\/\/api.w.org\/{rel}","templated":true}]}}